{"id":4445,"date":"2020-12-02T09:18:58","date_gmt":"2020-12-02T14:18:58","guid":{"rendered":"https:\/\/pureindustrial.ca\/privatization\/"},"modified":"2025-11-28T01:53:22","modified_gmt":"2025-11-28T06:53:22","slug":"privatization","status":"publish","type":"page","link":"https:\/\/pureindustrial.ca\/fr\/privatization\/","title":{"rendered":"Privatisation"},"content":{"rendered":"\r\n\r\n<section class=\"page-content\">\r\n\t<div class=\"wrapper\">\r\n\t\t<div class=\"about-box\">\r\n\t\t\t<div class=\"about-content\">\r\n\t\t\t\t<div class=\"about-content__txt pure-industrial-classic-content\">\r\n\t\t\t\t\t<p>PIRET a \u00e9t\u00e9 privatis\u00e9e le 24\u00a0mai\u00a02018.<\/p>\n<p>Le 9 janvier 2018, la fiducie a annonc\u00e9 qu\u2019elle avait conclu un accord d\u2019arrangement avec une soci\u00e9t\u00e9 affili\u00e9e de Blackstone Property Partners, aux termes duquel Blackstone acquerra toutes les parts de fiducie en circulation de PIRET pour 8,10 $ par part dans le cadre d\u2019une transaction enti\u00e8rement en esp\u00e8ces \u00e9valu\u00e9e \u00e0 3,8 milliards de dollars, dette comprise. Consultez le communiqu\u00e9 de presse complet ici: <a href=\"http:\/\/www.piret.ca\/investor-info\/news-releases\/pure-industrial-real-estate-trust-enters-definitive-agreement-be\">Communiqu\u00e9 de presse du 9 janvier 2018.<\/a>.<\/p>\n<p>La transaction propos\u00e9e devait \u00eatre approuv\u00e9e par au moins les deux tiers des porteurs de parts de la fiducie. La Fiducie a envoy\u00e9 par la poste une circulaire d\u2019information de la soci\u00e9t\u00e9 et certains documents connexes aux porteurs de parts dans le cadre de l\u2019assembl\u00e9e visant \u00e0 examiner la transaction et \u00e0 voter \u00e0 son sujet, dont des copies ont \u00e9t\u00e9 d\u00e9pos\u00e9es sur SEDAR \u00e0 l\u2019adresse <a class=\"external\" href=\"http:\/\/www.sedar.com\/\" target=\"_blank\" rel=\"noopener\">www.sedar.com<\/a> et sont disponibles ci-dessous.<\/p>\n<p>L\u2019assembl\u00e9e des porteurs de parts s\u2019est tenue le 23 mars 2018 pour \u00e9tudier la transaction. Environ 99,66 % des parts repr\u00e9sent\u00e9es \u00e0 l\u2019assembl\u00e9e, en personne ou par procuration, ont attribu\u00e9 leur vote \u00e0 la r\u00e9solution sp\u00e9ciale approuvant la transaction. Le communiqu\u00e9 de presse complet concernant les r\u00e9sultats du vote peut \u00eatre consult\u00e9 ici:\u00a0 <a href=\"http:\/\/www.piret.ca\/investor-info\/news-releases\/pure-industrial-real-estate-trust-unitholders-approve-transaction\">Communiqu\u00e9 de presse du 23 mars 2018<\/a>.<\/p>\n<p>L\u2019op\u00e9ration a \u00e9t\u00e9 r\u00e9alis\u00e9e le 24 mai 2018. Les parts ont cess\u00e9 d\u2019\u00eatre n\u00e9goci\u00e9es \u00e0 la Bourse de Toronto (la \u00ab TSX \u00bb) \u00e0 la cl\u00f4ture le 24 mai 2018.\u00a0 \u00a0<a href=\"http:\/\/www.piret.ca\/investor-info\/news-releases\/pure-industrial-real-estate-announces-closing-plan-arrangement\">Veuillez consulter le communiqu\u00e9 de presse du 24 mai 2018 pour plus de d\u00e9tails.<\/a><\/p>\n<p><strong>Dates cl\u00e9s<\/strong><\/p>\n<table style=\"height: 393px\" border=\"1\" width=\"100%\" cellspacing=\"1\" cellpadding=\"1\">\n<tbody>\n<tr>\n<td width=\"30%\">8 janvier 2018<\/td>\n<td>Annonce de la transaction<\/td>\n<\/tr>\n<tr>\n<td>24\u00a0janvier\u00a02018<\/td>\n<td>Date d\u2019enregistrement pour l\u2019assembl\u00e9e extraordinaire des porteurs de parts<\/td>\n<\/tr>\n<tr>\n<td>13\u00a0f\u00e9vrier\u00a02018<\/td>\n<td>R\u00e9ception de l\u2019ordre provisoire<\/td>\n<\/tr>\n<tr>\n<td>26\u00a0f\u00e9vrier\u00a02018<\/td>\n<td>\u00c9mission, par le commissaire de la concurrence, d\u2019un certificat de d\u00e9cision pr\u00e9alable approuvant la transaction<\/td>\n<\/tr>\n<tr>\n<td>28\u00a0f\u00e9vrier\u00a02018<\/td>\n<td>Envoi des documents relatifs \u00e0 l\u2019assembl\u00e9e extraordinaire des porteurs de parts<\/td>\n<\/tr>\n<tr>\n<td>21\u00a0mars\u00a02018<\/td>\n<td>Date limite de vote par procuration<\/td>\n<\/tr>\n<tr>\n<td>23\u00a0mars\u00a02018<\/td>\n<td>Assembl\u00e9e extraordinaire des porteurs de parts<br \/>\n11 heures (heure de Toronto) dans les bureaux de Goodmans LLP<br \/>\n333, rue Bay, Bureau 3400, Toronto, Ontario <a href=\"http:\/\/www.piret.ca\/investor-info\/news-releases\/pure-industrial-real-estate-trust-unitholders-approve-transaction\">R\u00e9sultats du vote : 99,66 % pour<\/a><\/td>\n<\/tr>\n<tr>\n<td>29\u00a0mars\u00a02018<\/td>\n<td><a href=\"http:\/\/www.piret.ca\/investor-info\/news-releases\/pure-industrial-real-estate-trust-receives-court-approval-arrangement\">Ordonnance finale<\/a> approuvant le plan d\u2019arrangement \u00e9mise par la Cour supr\u00eame de la Colombie-Britannique<\/td>\n<\/tr>\n<tr>\n<td>11\u00a0avril\u00a02018<\/td>\n<td>Approbation en vertu de la Loi sur Investissement Canada<\/td>\n<\/tr>\n<tr>\n<td>24\u00a0mai\u00a02018<\/td>\n<td>Cl\u00f4ture et retrait de la cote, le produit en esp\u00e8ces devrait \u00eatre vers\u00e9 sur les comptes des investisseurs dans les 2 \u00e0 3\u00a0jours ouvrables<\/td>\n<\/tr>\n<\/tbody>\n<\/table>\n<p><strong>Documents principaux<\/strong><\/p>\n<p><a class=\"pdf\" href=\"http:\/\/www.piret.ca\/sites\/default\/files\/PIRET%20Press%20Release_Agreement%20to%20be%20Acquired_January%209%202018.pdf\" target=\"_blank\" rel=\"noopener\">Communiqu\u00e9 de presse relatif \u00e0 l\u2019annonce de la transaction<\/a><br \/>\n<a class=\"pdf\" href=\"https:\/\/www.piret.ca\/sites\/default\/files\/ArrangementAgreementSEDARVersion.pdf\" target=\"_blank\" rel=\"noopener\">Convention d\u2019arrangement<\/a><br \/>\n<a class=\"pdf\" href=\"https:\/\/www.piret.ca\/sites\/default\/files\/FULLYCOMPILEDPIRET-ManagementInformationCircular-Feb152018.pdf\" target=\"_blank\" rel=\"noopener\">Circulaire d\u2019information de la direction<\/a><br \/>\n<a class=\"pdf\" href=\"http:\/\/www.piret.ca\/sites\/default\/files\/PIRET%20Letter%20of%20Transmittal%20%202018.pdf\" target=\"_blank\" rel=\"noopener\">Lettre de transmission<\/a><br \/>\n<a class=\"pdf\" href=\"http:\/\/www.piret.ca\/sites\/default\/files\/20180323_PIRET%20Press%20Release%20voting%20results%20anouncement.pdf\" target=\"_blank\" rel=\"noopener\">Communiqu\u00e9 de presse annon\u00e7ant l\u2019approbation de la transaction par les porteurs de parts<\/a><br \/>\n<a class=\"pdf\" href=\"http:\/\/www.piret.ca\/sites\/default\/files\/20180329_PIRET%20Press%20Release%20Final%20Court%20Order_0.pdf\" target=\"_blank\" rel=\"noopener\">Communiqu\u00e9 de presse annon\u00e7ant l\u2019approbation de l\u2019arrangement par la Cour <\/a><br \/>\n<a class=\"pdf\" href=\"http:\/\/www.piret.ca\/sites\/default\/files\/20180412_PIRET%20Press%20Release%20Investment%20Canada%20Approval.pdf\" target=\"_blank\" rel=\"noopener\">Communiqu\u00e9 de presse annon\u00e7ant l\u2019approbation en vertu de la Loi sur Investissement Canada<\/a><br \/>\n<a class=\"pdf\" href=\"http:\/\/www.piret.ca\/sites\/default\/files\/PIRET%20News%20Release%20Anticipated%20Closing%20FINAL.pdf\" target=\"_blank\" rel=\"noopener\">Communiqu\u00e9 de presse sur la cl\u00f4ture anticip\u00e9e<\/a><br \/>\n<a class=\"pdf\" href=\"http:\/\/www.piret.ca\/sites\/default\/files\/PIRET%20News%20Release%20Closing%20English.pdf\" target=\"_blank\" rel=\"noopener\">Communiqu\u00e9 de presse sur la cl\u00f4ture anticip\u00e9e Communiqu\u00e9 de presse sur la cl\u00f4ture<\/a><\/p>\n<p>&nbsp;<\/p>\n<p><strong>Attention<\/strong><\/p>\n<p>Cette page Web ne contient pas tous les faits importants relatifs \u00e0 la privatisation propos\u00e9e. Les lecteurs de cette page Web devraient lire la circulaire d\u2019information de la direction et tout amendement visant \u00e0 divulguer ces faits, notamment les facteurs de risque, avant de prendre une d\u00e9cision sur la fa\u00e7on de voter \u00e0 l\u2019\u00e9gard de la privatisation propos\u00e9e. La r\u00e9alisation de la privatisation propos\u00e9e est soumise \u00e0 un certain nombre de conditions, d\u00e9crites en d\u00e9tail dans la convention d\u2019arrangement et la circulaire de la direction, et rien ne garantit que la privatisation propos\u00e9e sera r\u00e9alis\u00e9e.<\/p>\n<p>LES PORTEURS DE PARTS DE LA FIDUCIE DOIVENT NOTER QUE TOUS LES RENSEIGNEMENTS FIGURANT SUR CE SITE WEB SONT QUALIFI\u00c9S DANS LEUR INT\u00c9GRALIT\u00c9 PAR LA CONVENTION D\u2019ARRANGEMENT ET LA CIRCULAIRE D\u2019INFORMATION DE LA DIRECTION ET LES RENSEIGNEMENTS QU\u2019ELLES CONTIENNENT. IL EST FORTEMENT CONSEILL\u00c9 AUX PORTEURS DE PARTS DE LA FIDUCIE DE LIRE LA CIRCULAIRE D\u2019INFORMATION, CAR ELLE CONTIENT DES RENSEIGNEMENTS IMPORTANTS.<\/p>\n<p>Cette page Web ne constitue ni une offre d\u2019achat ni une sollicitation d\u2019une offre de vente de titres de la Fiducie. Cette page web ne doit pas \u00eatre utilis\u00e9e en relation avec une d\u00e9cision d\u2019investissement.<\/p>\n\t\t\t\t\t\t\t\t\t<\/div>\r\n\t\t\t<\/div>\r\n\t\t<\/div>\r\n\t<\/div>\r\n<\/section>\r\n","protected":false},"excerpt":{"rendered":"","protected":false},"author":1,"featured_media":4040,"parent":0,"menu_order":0,"comment_status":"closed","ping_status":"closed","template":"page-template-flex_layout.php","meta":{"_acf_changed":false,"footnotes":""},"class_list":["post-4445","page","type-page","status-publish","has-post-thumbnail","hentry"],"acf":[],"yoast_head":"<!-- This site is optimized with the Yoast SEO plugin v27.0 - https:\/\/yoast.com\/product\/yoast-seo-wordpress\/ -->\n<title>Privatisation - Pure Industrial<\/title>\n<meta name=\"robots\" content=\"index, follow, max-snippet:-1, max-image-preview:large, max-video-preview:-1\" \/>\n<link rel=\"canonical\" href=\"https:\/\/pureindustrial.ca\/fr\/privatization\/\" \/>\n<meta property=\"og:locale\" content=\"fr_FR\" \/>\n<meta property=\"og:type\" content=\"article\" \/>\n<meta property=\"og:title\" content=\"Privatisation - Pure Industrial\" \/>\n<meta property=\"og:url\" content=\"https:\/\/pureindustrial.ca\/fr\/privatization\/\" \/>\n<meta property=\"og:site_name\" content=\"Pure Industrial\" \/>\n<meta property=\"article:modified_time\" content=\"2025-11-28T06:53:22+00:00\" \/>\n<meta property=\"og:image\" content=\"https:\/\/pureindustrial.ca\/wp-content\/uploads\/2020\/11\/6024-666-St-Martin-Blvd-W-7-scaled.jpg\" \/>\n\t<meta property=\"og:image:width\" content=\"2560\" \/>\n\t<meta property=\"og:image:height\" content=\"1707\" \/>\n\t<meta property=\"og:image:type\" content=\"image\/jpeg\" \/>\n<meta name=\"twitter:card\" content=\"summary_large_image\" \/>\n<meta name=\"twitter:label1\" content=\"Dur\u00e9e de lecture estim\u00e9e\" \/>\n\t<meta name=\"twitter:data1\" content=\"1 minute\" \/>\n<script type=\"application\/ld+json\" class=\"yoast-schema-graph\">{\"@context\":\"https:\/\/schema.org\",\"@graph\":[{\"@type\":\"WebPage\",\"@id\":\"https:\/\/pureindustrial.ca\/fr\/privatization\/\",\"url\":\"https:\/\/pureindustrial.ca\/fr\/privatization\/\",\"name\":\"Privatisation - Pure Industrial\",\"isPartOf\":{\"@id\":\"https:\/\/pureindustrial.ca\/fr\/#website\"},\"primaryImageOfPage\":{\"@id\":\"https:\/\/pureindustrial.ca\/fr\/privatization\/#primaryimage\"},\"image\":{\"@id\":\"https:\/\/pureindustrial.ca\/fr\/privatization\/#primaryimage\"},\"thumbnailUrl\":\"https:\/\/pureindustrial.ca\/wp-content\/uploads\/2020\/11\/6024-666-St-Martin-Blvd-W-7-scaled.jpg\",\"datePublished\":\"2020-12-02T14:18:58+00:00\",\"dateModified\":\"2025-11-28T06:53:22+00:00\",\"breadcrumb\":{\"@id\":\"https:\/\/pureindustrial.ca\/fr\/privatization\/#breadcrumb\"},\"inLanguage\":\"fr-FR\",\"potentialAction\":[{\"@type\":\"ReadAction\",\"target\":[\"https:\/\/pureindustrial.ca\/fr\/privatization\/\"]}]},{\"@type\":\"ImageObject\",\"inLanguage\":\"fr-FR\",\"@id\":\"https:\/\/pureindustrial.ca\/fr\/privatization\/#primaryimage\",\"url\":\"https:\/\/pureindustrial.ca\/wp-content\/uploads\/2020\/11\/6024-666-St-Martin-Blvd-W-7-scaled.jpg\",\"contentUrl\":\"https:\/\/pureindustrial.ca\/wp-content\/uploads\/2020\/11\/6024-666-St-Martin-Blvd-W-7-scaled.jpg\",\"width\":2560,\"height\":1707},{\"@type\":\"BreadcrumbList\",\"@id\":\"https:\/\/pureindustrial.ca\/fr\/privatization\/#breadcrumb\",\"itemListElement\":[{\"@type\":\"ListItem\",\"position\":1,\"name\":\"Home\",\"item\":\"https:\/\/pureindustrial.ca\/fr\/\"},{\"@type\":\"ListItem\",\"position\":2,\"name\":\"Privatisation\"}]},{\"@type\":\"WebSite\",\"@id\":\"https:\/\/pureindustrial.ca\/fr\/#website\",\"url\":\"https:\/\/pureindustrial.ca\/fr\/\",\"name\":\"Pure Industrial\",\"description\":\"\",\"publisher\":{\"@id\":\"https:\/\/pureindustrial.ca\/fr\/#organization\"},\"potentialAction\":[{\"@type\":\"SearchAction\",\"target\":{\"@type\":\"EntryPoint\",\"urlTemplate\":\"https:\/\/pureindustrial.ca\/fr\/?s={search_term_string}\"},\"query-input\":{\"@type\":\"PropertyValueSpecification\",\"valueRequired\":true,\"valueName\":\"search_term_string\"}}],\"inLanguage\":\"fr-FR\"},{\"@type\":\"Organization\",\"@id\":\"https:\/\/pureindustrial.ca\/fr\/#organization\",\"name\":\"Pure Industrial\",\"url\":\"https:\/\/pureindustrial.ca\/fr\/\",\"logo\":{\"@type\":\"ImageObject\",\"inLanguage\":\"fr-FR\",\"@id\":\"https:\/\/pureindustrial.ca\/fr\/#\/schema\/logo\/image\/\",\"url\":\"https:\/\/pureindustrial.ca\/wp-content\/uploads\/2022\/07\/Pure-Industriel.png\",\"contentUrl\":\"https:\/\/pureindustrial.ca\/wp-content\/uploads\/2022\/07\/Pure-Industriel.png\",\"width\":1220,\"height\":444,\"caption\":\"Pure Industrial\"},\"image\":{\"@id\":\"https:\/\/pureindustrial.ca\/fr\/#\/schema\/logo\/image\/\"}}]}<\/script>\n<!-- \/ Yoast SEO plugin. -->","yoast_head_json":{"title":"Privatisation - Pure Industrial","robots":{"index":"index","follow":"follow","max-snippet":"max-snippet:-1","max-image-preview":"max-image-preview:large","max-video-preview":"max-video-preview:-1"},"canonical":"https:\/\/pureindustrial.ca\/fr\/privatization\/","og_locale":"fr_FR","og_type":"article","og_title":"Privatisation - Pure Industrial","og_url":"https:\/\/pureindustrial.ca\/fr\/privatization\/","og_site_name":"Pure Industrial","article_modified_time":"2025-11-28T06:53:22+00:00","og_image":[{"width":2560,"height":1707,"url":"https:\/\/pureindustrial.ca\/wp-content\/uploads\/2020\/11\/6024-666-St-Martin-Blvd-W-7-scaled.jpg","type":"image\/jpeg"}],"twitter_card":"summary_large_image","twitter_misc":{"Dur\u00e9e de lecture estim\u00e9e":"1 minute"},"schema":{"@context":"https:\/\/schema.org","@graph":[{"@type":"WebPage","@id":"https:\/\/pureindustrial.ca\/fr\/privatization\/","url":"https:\/\/pureindustrial.ca\/fr\/privatization\/","name":"Privatisation - Pure Industrial","isPartOf":{"@id":"https:\/\/pureindustrial.ca\/fr\/#website"},"primaryImageOfPage":{"@id":"https:\/\/pureindustrial.ca\/fr\/privatization\/#primaryimage"},"image":{"@id":"https:\/\/pureindustrial.ca\/fr\/privatization\/#primaryimage"},"thumbnailUrl":"https:\/\/pureindustrial.ca\/wp-content\/uploads\/2020\/11\/6024-666-St-Martin-Blvd-W-7-scaled.jpg","datePublished":"2020-12-02T14:18:58+00:00","dateModified":"2025-11-28T06:53:22+00:00","breadcrumb":{"@id":"https:\/\/pureindustrial.ca\/fr\/privatization\/#breadcrumb"},"inLanguage":"fr-FR","potentialAction":[{"@type":"ReadAction","target":["https:\/\/pureindustrial.ca\/fr\/privatization\/"]}]},{"@type":"ImageObject","inLanguage":"fr-FR","@id":"https:\/\/pureindustrial.ca\/fr\/privatization\/#primaryimage","url":"https:\/\/pureindustrial.ca\/wp-content\/uploads\/2020\/11\/6024-666-St-Martin-Blvd-W-7-scaled.jpg","contentUrl":"https:\/\/pureindustrial.ca\/wp-content\/uploads\/2020\/11\/6024-666-St-Martin-Blvd-W-7-scaled.jpg","width":2560,"height":1707},{"@type":"BreadcrumbList","@id":"https:\/\/pureindustrial.ca\/fr\/privatization\/#breadcrumb","itemListElement":[{"@type":"ListItem","position":1,"name":"Home","item":"https:\/\/pureindustrial.ca\/fr\/"},{"@type":"ListItem","position":2,"name":"Privatisation"}]},{"@type":"WebSite","@id":"https:\/\/pureindustrial.ca\/fr\/#website","url":"https:\/\/pureindustrial.ca\/fr\/","name":"Pure Industrial","description":"","publisher":{"@id":"https:\/\/pureindustrial.ca\/fr\/#organization"},"potentialAction":[{"@type":"SearchAction","target":{"@type":"EntryPoint","urlTemplate":"https:\/\/pureindustrial.ca\/fr\/?s={search_term_string}"},"query-input":{"@type":"PropertyValueSpecification","valueRequired":true,"valueName":"search_term_string"}}],"inLanguage":"fr-FR"},{"@type":"Organization","@id":"https:\/\/pureindustrial.ca\/fr\/#organization","name":"Pure Industrial","url":"https:\/\/pureindustrial.ca\/fr\/","logo":{"@type":"ImageObject","inLanguage":"fr-FR","@id":"https:\/\/pureindustrial.ca\/fr\/#\/schema\/logo\/image\/","url":"https:\/\/pureindustrial.ca\/wp-content\/uploads\/2022\/07\/Pure-Industriel.png","contentUrl":"https:\/\/pureindustrial.ca\/wp-content\/uploads\/2022\/07\/Pure-Industriel.png","width":1220,"height":444,"caption":"Pure Industrial"},"image":{"@id":"https:\/\/pureindustrial.ca\/fr\/#\/schema\/logo\/image\/"}}]}},"_links":{"self":[{"href":"https:\/\/pureindustrial.ca\/fr\/wp-json\/wp\/v2\/pages\/4445","targetHints":{"allow":["GET"]}}],"collection":[{"href":"https:\/\/pureindustrial.ca\/fr\/wp-json\/wp\/v2\/pages"}],"about":[{"href":"https:\/\/pureindustrial.ca\/fr\/wp-json\/wp\/v2\/types\/page"}],"author":[{"embeddable":true,"href":"https:\/\/pureindustrial.ca\/fr\/wp-json\/wp\/v2\/users\/1"}],"replies":[{"embeddable":true,"href":"https:\/\/pureindustrial.ca\/fr\/wp-json\/wp\/v2\/comments?post=4445"}],"version-history":[{"count":5,"href":"https:\/\/pureindustrial.ca\/fr\/wp-json\/wp\/v2\/pages\/4445\/revisions"}],"predecessor-version":[{"id":15032,"href":"https:\/\/pureindustrial.ca\/fr\/wp-json\/wp\/v2\/pages\/4445\/revisions\/15032"}],"wp:featuredmedia":[{"embeddable":true,"href":"https:\/\/pureindustrial.ca\/fr\/wp-json\/wp\/v2\/media\/4040"}],"wp:attachment":[{"href":"https:\/\/pureindustrial.ca\/fr\/wp-json\/wp\/v2\/media?parent=4445"}],"curies":[{"name":"wp","href":"https:\/\/api.w.org\/{rel}","templated":true}]}}