{"id":8414,"date":"2023-12-18T16:04:54","date_gmt":"2023-12-18T21:04:54","guid":{"rendered":"https:\/\/pureindustrial.ca\/?page_id=8414"},"modified":"2026-03-19T16:39:16","modified_gmt":"2026-03-19T20:39:16","slug":"accessibilite","status":"publish","type":"page","link":"https:\/\/pureindustrial.ca\/fr\/accessibilite\/","title":{"rendered":"Accessibilit\u00e9"},"content":{"rendered":"\r\n\r\n<section class=\"page-content\">\r\n\t<div class=\"wrapper\">\r\n\t\t<div class=\"about-box\">\r\n\t\t\t<div class=\"about-content\">\r\n\t\t\t\t<div class=\"about-content__txt pure-industrial-classic-content\">\r\n\t\t\t\t\t<h2><b>Notre engagement<\/b><\/h2>\n<p><span style=\"font-weight: 400\">Pure Industriel s\u2019engage \u00e0 offrir aux personnes handicap\u00e9es la possibilit\u00e9 d\u2019acc\u00e9der \u00e0 ses activit\u00e9s et \u00e0 ses services aux m\u00eames endroits et de la m\u00eame mani\u00e8re que toute autre personne. Nous continuons de nous efforcer d\u2019assurer l\u2019\u00e9galit\u00e9 d\u2019acc\u00e8s et de participation aux personnes handicap\u00e9es d\u2019une mani\u00e8re qui respecte leur ind\u00e9pendance et leur dignit\u00e9. Pour ce faire, nous pr\u00e9venons et \u00e9liminons les obstacles \u00e0 l\u2019accessibilit\u00e9 et respectons les exigences en mati\u00e8re d\u2019accessibilit\u00e9 en vertu de la Loi de 2005 sur l\u2019accessibilit\u00e9 pour les personnes handicap\u00e9es de l\u2019Ontario.\u00a0<\/span><\/p>\n<p><span style=\"font-weight: 400\">Pure Industriel prendra, sur demande, des mesures pour que toutes les informations accessibles au public en Ontario soient mises \u00e0 disposition dans des formats accessibles aux personnes handicap\u00e9es, en temps opportun, en tenant compte des besoins d&rsquo;accessibilit\u00e9 de toute personne en raison d&rsquo;un handicap. Pure Industriel consultera, sur demande, les personnes handicap\u00e9es pour d\u00e9terminer la pertinence d&rsquo;un format accessible ou d&rsquo;un support de communication, afin de s&rsquo;assurer qu&rsquo;il r\u00e9pond \u00e0 leurs besoins en mati\u00e8re d&rsquo;information et de communications.<\/span><\/p>\n<h2><b>Vos commentaires<\/b><\/h2>\n<p><span style=\"font-weight: 400\">Pure Industriel croit en l&rsquo;int\u00e9gration et l&rsquo;\u00e9galit\u00e9 des chances, et s\u2019efforce continuellement d&rsquo;am\u00e9liorer l&rsquo;accessibilit\u00e9 de ses propri\u00e9t\u00e9s et de ses lieux de travail. Nous appr\u00e9cions vos commentaires, car ils nous permettent d\u2019am\u00e9liorer continuellement nos processus et nos politiques. Si vous avez des questions ou des suggestions concernant nos initiatives en mati\u00e8re d&rsquo;accessibilit\u00e9, veuillez nous contacter en utilisant la m\u00e9thode qui vous convient le mieux et nous informer du format que vous d\u00e9sirez que nous utilisions pour vous r\u00e9pondre. Bien que notre objectif soit de traiter imm\u00e9diatement tous les commentaires et toutes les plaintes que nous recevons, certains dossiers peuvent n\u00e9cessiter plus de temps pour \u00eatre trait\u00e9s de mani\u00e8re appropri\u00e9e et feront l\u2019objet d\u2019une r\u00e9ponse dans un d\u00e9lai de dix jours ouvrables.\u00a0<\/span><\/p>\n<h2><b>Ressources<\/b><\/h2>\n<p><a href=\"https:\/\/pureindustrial.ca\/wp-content\/uploads\/2024\/01\/2023.12.19-AODA-Multi-Year-Accessibility-Plan_FR.pdf\" target=\"_blank\" rel=\"noopener\"><span style=\"font-weight: 400\">Plan d\u2019accessibilit\u00e9 pluriannuel<\/span><\/a><\/p>\n<h2><b>Nous joindre<\/b><\/h2>\n<p><span style=\"font-weight: 400\">Veuillez nous contacter pour plus d\u2019informations sur notre engagement en faveur de l\u2019accessibilit\u00e9. Nous appr\u00e9cions tous les commentaires que vous pourriez avoir, n&rsquo;h\u00e9sitez pas \u00e0 demander toute information que vous aimeriez obtenir dans un format accessible.\u00a0<\/span><\/p>\n<p><span style=\"font-weight: 400\">Pure Industrial<\/span><span style=\"font-weight: 400\"><br \/>\n<\/span><span style=\"font-weight: 400\">121 King Street W<\/span><span style=\"font-weight: 400\"><br \/>\n<\/span><span style=\"font-weight: 400\">Suite 1200<\/span><span style=\"font-weight: 400\"><br \/>\n<\/span><span style=\"font-weight: 400\">PO Box 112<\/span><span style=\"font-weight: 400\"><br \/>\n<\/span><span style=\"font-weight: 400\">Toronto, ON M5H 3T9<\/span><span style=\"font-weight: 400\"><br \/>\n<\/span><\/p>\n<p><b>Courriel <\/b><span style=\"font-weight: 400\">: accessibility@pureindustrial.ca<\/span><\/p>\n<p><b>T\u00e9l\u00e9phone <\/b><span style=\"font-weight: 400\">: 416-479-8590<\/span><\/p>\n\t\t\t\t\t\t\t\t\t<\/div>\r\n\t\t\t<\/div>\r\n\t\t<\/div>\r\n\t<\/div>\r\n<\/section>\r\n\r\n\r\n\r\n\r\n<section class=\"page-content\">\r\n\t<div class=\"wrapper\">\r\n\t\t<div class=\"about-box\">\r\n\t\t\t<div class=\"about-content\">\r\n\t\t\t\t<div class=\"about-content__txt pure-industrial-classic-content\">\r\n\t\t\t\t\t\t\t\t\t\t\t\t\t\t<\/div>\r\n\t\t\t<\/div>\r\n\t\t<\/div>\r\n\t<\/div>\r\n<\/section>\r\n","protected":false},"excerpt":{"rendered":"","protected":false},"author":5,"featured_media":3886,"parent":0,"menu_order":0,"comment_status":"closed","ping_status":"closed","template":"page-template-flex_layout.php","meta":{"_acf_changed":false,"footnotes":""},"class_list":["post-8414","page","type-page","status-publish","has-post-thumbnail","hentry"],"acf":[],"yoast_head":"<!-- This site is optimized with the Yoast SEO plugin v27.0 - https:\/\/yoast.com\/product\/yoast-seo-wordpress\/ -->\n<title>Accessibilit\u00e9 - Pure Industrial<\/title>\n<meta name=\"description\" content=\"Questions, complaints, or concerns regarding Pure Industrial\u2019s Privacy Policy and applicable law should be directed any questions regarding Pure Industrial\u2019s compliance\" \/>\n<meta name=\"robots\" content=\"index, follow, max-snippet:-1, max-image-preview:large, max-video-preview:-1\" \/>\n<link rel=\"canonical\" href=\"https:\/\/pureindustrial.ca\/fr\/accessibilite\/\" \/>\n<meta property=\"og:locale\" content=\"fr_FR\" \/>\n<meta property=\"og:type\" content=\"article\" \/>\n<meta property=\"og:title\" content=\"Accessibilit\u00e9 - Pure Industrial\" \/>\n<meta property=\"og:description\" content=\"Questions, complaints, or concerns regarding Pure Industrial\u2019s Privacy Policy and applicable law should be directed any questions regarding Pure Industrial\u2019s compliance\" \/>\n<meta property=\"og:url\" content=\"https:\/\/pureindustrial.ca\/fr\/accessibilite\/\" \/>\n<meta property=\"og:site_name\" content=\"Pure Industrial\" \/>\n<meta property=\"article:modified_time\" content=\"2026-03-19T20:39:16+00:00\" \/>\n<meta property=\"og:image\" content=\"https:\/\/pureindustrial.ca\/wp-content\/uploads\/2020\/11\/6009-18101-Trans-Canada-Hwy-5-scaled.jpg\" \/>\n\t<meta property=\"og:image:width\" content=\"2560\" \/>\n\t<meta property=\"og:image:height\" content=\"1707\" \/>\n\t<meta property=\"og:image:type\" content=\"image\/jpeg\" \/>\n<meta name=\"twitter:card\" content=\"summary_large_image\" \/>\n<meta name=\"twitter:label1\" content=\"Dur\u00e9e de lecture estim\u00e9e\" \/>\n\t<meta name=\"twitter:data1\" content=\"1 minute\" \/>\n<script type=\"application\/ld+json\" class=\"yoast-schema-graph\">{\"@context\":\"https:\/\/schema.org\",\"@graph\":[{\"@type\":\"WebPage\",\"@id\":\"https:\/\/pureindustrial.ca\/fr\/accessibilite\/\",\"url\":\"https:\/\/pureindustrial.ca\/fr\/accessibilite\/\",\"name\":\"Accessibilit\u00e9 - Pure Industrial\",\"isPartOf\":{\"@id\":\"https:\/\/pureindustrial.ca\/fr\/#website\"},\"primaryImageOfPage\":{\"@id\":\"https:\/\/pureindustrial.ca\/fr\/accessibilite\/#primaryimage\"},\"image\":{\"@id\":\"https:\/\/pureindustrial.ca\/fr\/accessibilite\/#primaryimage\"},\"thumbnailUrl\":\"https:\/\/pureindustrial.ca\/wp-content\/uploads\/2020\/11\/6009-18101-Trans-Canada-Hwy-5-scaled.jpg\",\"datePublished\":\"2023-12-18T21:04:54+00:00\",\"dateModified\":\"2026-03-19T20:39:16+00:00\",\"description\":\"Questions, complaints, or concerns regarding Pure Industrial\u2019s Privacy Policy and applicable law should be directed any questions regarding Pure Industrial\u2019s compliance\",\"breadcrumb\":{\"@id\":\"https:\/\/pureindustrial.ca\/fr\/accessibilite\/#breadcrumb\"},\"inLanguage\":\"fr-FR\",\"potentialAction\":[{\"@type\":\"ReadAction\",\"target\":[\"https:\/\/pureindustrial.ca\/fr\/accessibilite\/\"]}]},{\"@type\":\"ImageObject\",\"inLanguage\":\"fr-FR\",\"@id\":\"https:\/\/pureindustrial.ca\/fr\/accessibilite\/#primaryimage\",\"url\":\"https:\/\/pureindustrial.ca\/wp-content\/uploads\/2020\/11\/6009-18101-Trans-Canada-Hwy-5-scaled.jpg\",\"contentUrl\":\"https:\/\/pureindustrial.ca\/wp-content\/uploads\/2020\/11\/6009-18101-Trans-Canada-Hwy-5-scaled.jpg\",\"width\":2560,\"height\":1707},{\"@type\":\"BreadcrumbList\",\"@id\":\"https:\/\/pureindustrial.ca\/fr\/accessibilite\/#breadcrumb\",\"itemListElement\":[{\"@type\":\"ListItem\",\"position\":1,\"name\":\"Home\",\"item\":\"https:\/\/pureindustrial.ca\/fr\/\"},{\"@type\":\"ListItem\",\"position\":2,\"name\":\"Accessibilit\u00e9\"}]},{\"@type\":\"WebSite\",\"@id\":\"https:\/\/pureindustrial.ca\/fr\/#website\",\"url\":\"https:\/\/pureindustrial.ca\/fr\/\",\"name\":\"Pure Industrial\",\"description\":\"\",\"publisher\":{\"@id\":\"https:\/\/pureindustrial.ca\/fr\/#organization\"},\"potentialAction\":[{\"@type\":\"SearchAction\",\"target\":{\"@type\":\"EntryPoint\",\"urlTemplate\":\"https:\/\/pureindustrial.ca\/fr\/?s={search_term_string}\"},\"query-input\":{\"@type\":\"PropertyValueSpecification\",\"valueRequired\":true,\"valueName\":\"search_term_string\"}}],\"inLanguage\":\"fr-FR\"},{\"@type\":\"Organization\",\"@id\":\"https:\/\/pureindustrial.ca\/fr\/#organization\",\"name\":\"Pure Industrial\",\"url\":\"https:\/\/pureindustrial.ca\/fr\/\",\"logo\":{\"@type\":\"ImageObject\",\"inLanguage\":\"fr-FR\",\"@id\":\"https:\/\/pureindustrial.ca\/fr\/#\/schema\/logo\/image\/\",\"url\":\"https:\/\/pureindustrial.ca\/wp-content\/uploads\/2022\/07\/Pure-Industriel.png\",\"contentUrl\":\"https:\/\/pureindustrial.ca\/wp-content\/uploads\/2022\/07\/Pure-Industriel.png\",\"width\":1220,\"height\":444,\"caption\":\"Pure Industrial\"},\"image\":{\"@id\":\"https:\/\/pureindustrial.ca\/fr\/#\/schema\/logo\/image\/\"}}]}<\/script>\n<!-- \/ Yoast SEO plugin. -->","yoast_head_json":{"title":"Accessibilit\u00e9 - Pure Industrial","description":"Questions, complaints, or concerns regarding Pure Industrial\u2019s Privacy Policy and applicable law should be directed any questions regarding Pure Industrial\u2019s compliance","robots":{"index":"index","follow":"follow","max-snippet":"max-snippet:-1","max-image-preview":"max-image-preview:large","max-video-preview":"max-video-preview:-1"},"canonical":"https:\/\/pureindustrial.ca\/fr\/accessibilite\/","og_locale":"fr_FR","og_type":"article","og_title":"Accessibilit\u00e9 - Pure Industrial","og_description":"Questions, complaints, or concerns regarding Pure Industrial\u2019s Privacy Policy and applicable law should be directed any questions regarding Pure Industrial\u2019s compliance","og_url":"https:\/\/pureindustrial.ca\/fr\/accessibilite\/","og_site_name":"Pure Industrial","article_modified_time":"2026-03-19T20:39:16+00:00","og_image":[{"width":2560,"height":1707,"url":"https:\/\/pureindustrial.ca\/wp-content\/uploads\/2020\/11\/6009-18101-Trans-Canada-Hwy-5-scaled.jpg","type":"image\/jpeg"}],"twitter_card":"summary_large_image","twitter_misc":{"Dur\u00e9e de lecture estim\u00e9e":"1 minute"},"schema":{"@context":"https:\/\/schema.org","@graph":[{"@type":"WebPage","@id":"https:\/\/pureindustrial.ca\/fr\/accessibilite\/","url":"https:\/\/pureindustrial.ca\/fr\/accessibilite\/","name":"Accessibilit\u00e9 - Pure Industrial","isPartOf":{"@id":"https:\/\/pureindustrial.ca\/fr\/#website"},"primaryImageOfPage":{"@id":"https:\/\/pureindustrial.ca\/fr\/accessibilite\/#primaryimage"},"image":{"@id":"https:\/\/pureindustrial.ca\/fr\/accessibilite\/#primaryimage"},"thumbnailUrl":"https:\/\/pureindustrial.ca\/wp-content\/uploads\/2020\/11\/6009-18101-Trans-Canada-Hwy-5-scaled.jpg","datePublished":"2023-12-18T21:04:54+00:00","dateModified":"2026-03-19T20:39:16+00:00","description":"Questions, complaints, or concerns regarding Pure Industrial\u2019s Privacy Policy and applicable law should be directed any questions regarding Pure Industrial\u2019s compliance","breadcrumb":{"@id":"https:\/\/pureindustrial.ca\/fr\/accessibilite\/#breadcrumb"},"inLanguage":"fr-FR","potentialAction":[{"@type":"ReadAction","target":["https:\/\/pureindustrial.ca\/fr\/accessibilite\/"]}]},{"@type":"ImageObject","inLanguage":"fr-FR","@id":"https:\/\/pureindustrial.ca\/fr\/accessibilite\/#primaryimage","url":"https:\/\/pureindustrial.ca\/wp-content\/uploads\/2020\/11\/6009-18101-Trans-Canada-Hwy-5-scaled.jpg","contentUrl":"https:\/\/pureindustrial.ca\/wp-content\/uploads\/2020\/11\/6009-18101-Trans-Canada-Hwy-5-scaled.jpg","width":2560,"height":1707},{"@type":"BreadcrumbList","@id":"https:\/\/pureindustrial.ca\/fr\/accessibilite\/#breadcrumb","itemListElement":[{"@type":"ListItem","position":1,"name":"Home","item":"https:\/\/pureindustrial.ca\/fr\/"},{"@type":"ListItem","position":2,"name":"Accessibilit\u00e9"}]},{"@type":"WebSite","@id":"https:\/\/pureindustrial.ca\/fr\/#website","url":"https:\/\/pureindustrial.ca\/fr\/","name":"Pure Industrial","description":"","publisher":{"@id":"https:\/\/pureindustrial.ca\/fr\/#organization"},"potentialAction":[{"@type":"SearchAction","target":{"@type":"EntryPoint","urlTemplate":"https:\/\/pureindustrial.ca\/fr\/?s={search_term_string}"},"query-input":{"@type":"PropertyValueSpecification","valueRequired":true,"valueName":"search_term_string"}}],"inLanguage":"fr-FR"},{"@type":"Organization","@id":"https:\/\/pureindustrial.ca\/fr\/#organization","name":"Pure Industrial","url":"https:\/\/pureindustrial.ca\/fr\/","logo":{"@type":"ImageObject","inLanguage":"fr-FR","@id":"https:\/\/pureindustrial.ca\/fr\/#\/schema\/logo\/image\/","url":"https:\/\/pureindustrial.ca\/wp-content\/uploads\/2022\/07\/Pure-Industriel.png","contentUrl":"https:\/\/pureindustrial.ca\/wp-content\/uploads\/2022\/07\/Pure-Industriel.png","width":1220,"height":444,"caption":"Pure Industrial"},"image":{"@id":"https:\/\/pureindustrial.ca\/fr\/#\/schema\/logo\/image\/"}}]}},"_links":{"self":[{"href":"https:\/\/pureindustrial.ca\/fr\/wp-json\/wp\/v2\/pages\/8414","targetHints":{"allow":["GET"]}}],"collection":[{"href":"https:\/\/pureindustrial.ca\/fr\/wp-json\/wp\/v2\/pages"}],"about":[{"href":"https:\/\/pureindustrial.ca\/fr\/wp-json\/wp\/v2\/types\/page"}],"author":[{"embeddable":true,"href":"https:\/\/pureindustrial.ca\/fr\/wp-json\/wp\/v2\/users\/5"}],"replies":[{"embeddable":true,"href":"https:\/\/pureindustrial.ca\/fr\/wp-json\/wp\/v2\/comments?post=8414"}],"version-history":[{"count":11,"href":"https:\/\/pureindustrial.ca\/fr\/wp-json\/wp\/v2\/pages\/8414\/revisions"}],"predecessor-version":[{"id":15197,"href":"https:\/\/pureindustrial.ca\/fr\/wp-json\/wp\/v2\/pages\/8414\/revisions\/15197"}],"wp:featuredmedia":[{"embeddable":true,"href":"https:\/\/pureindustrial.ca\/fr\/wp-json\/wp\/v2\/media\/3886"}],"wp:attachment":[{"href":"https:\/\/pureindustrial.ca\/fr\/wp-json\/wp\/v2\/media?parent=8414"}],"curies":[{"name":"wp","href":"https:\/\/api.w.org\/{rel}","templated":true}]}}